{"id":4004,"date":"2022-05-30T17:24:07","date_gmt":"2022-05-30T15:24:07","guid":{"rendered":"https:\/\/novitatessile.com\/politique-de-confidentialite\/"},"modified":"2022-06-03T16:08:14","modified_gmt":"2022-06-03T14:08:14","slug":"politique-de-confidentialite","status":"publish","type":"page","link":"https:\/\/novitatessile.com\/fr\/politique-de-confidentialite\/","title":{"rendered":"Politique de confidentialit\u00e9"},"content":{"rendered":"\n<div style=\"height:44px\" aria-hidden=\"true\" class=\"wp-block-spacer\"><\/div>\n\n<h2 class=\"wp-block-heading\"><strong>Informations sur le traitement des donn\u00e9es en vertu et pour les effets du r\u00e8glement europ\u00e9en (UE) 2016\/679<\/strong><\/h2>\n\n<p>Conform\u00e9ment aux dispositions du R\u00e8glement europ\u00e9en (UE) 2016\/679, Nuovi Tessile S.r.l. (ci-apr\u00e8s la \u00ab soci\u00e9t\u00e9 \u00bb) en tant que responsable du traitement, vous fournit les informations n\u00e9cessaires concernant les finalit\u00e9s et les modalit\u00e9s de traitement de vos donn\u00e9es personnelles, ainsi que l&rsquo;\u00e9tendue de la communication et de la diffusion de celles-ci, la nature des donn\u00e9es en notre possession et leur attribution.<\/p>\n\n<p>TYPE DE DONN\u00c9ES TRAIT\u00c9ES<br\/>La soci\u00e9t\u00e9 effectue des op\u00e9rations de traitement des donn\u00e9es que vous fournissez au moment de l&rsquo;inscription attribuables aux sites du r\u00e9seau de la soci\u00e9t\u00e9. Il s&rsquo;agit de donn\u00e9es anonymes et non de donn\u00e9es d&rsquo;identification.<\/p>\n\n<p>M\u00c9THODE DE TRAITEMENT<br\/>Les donn\u00e9es telles que pr\u00e9cis\u00e9es ci-dessus et collect\u00e9es sont stock\u00e9es sur support informatique. Vous pouvez exercer l&rsquo;ensemble de vos droits (\u00e0 titre indicatif et non limitatif : acc\u00e8s, rectification, oubli, portabilit\u00e9&#8230; etc. Etc.) \u00e0 tout moment en adressant un mail \u00e0 <a href=\"mailto:info@novitatessile.com\">info@novitatessile.com<\/a>. Les donn\u00e9es sont trait\u00e9es au sein de l&rsquo;entreprise, par des collaborateurs et employ\u00e9s qui ont \u00e9t\u00e9 d\u00e9sign\u00e9s responsables et\/ou responsables du traitement et qui ont re\u00e7u les informations n\u00e9cessaires et ad\u00e9quates \u00e0 ce sujet. Responsable du traitement pour Textile News S.r.l. est Girolamo Messina. Le traitement de vos donn\u00e9es est effectu\u00e9 de mani\u00e8re licite et correcte, pour des finalit\u00e9s d\u00e9termin\u00e9es, explicites et l\u00e9gitimes, n&rsquo;exc\u00e9dant pas les finalit\u00e9s.<\/p>\n\n<p>QU&rsquo;EST-CE QU&rsquo;UN COOKIE ?<br\/>Les cookies sont de petits fichiers envoy\u00e9s par les sites Web au programme de navigation (navigateur) de l&rsquo;ordinateur de leurs visiteurs.<br\/>Les cookies stockent des informations concernant les pages consult\u00e9es, la dur\u00e9e de la visite, les informations volontairement<br\/>et sciemment fournies par le visiteur.<br\/>Le contenu des cookies est automatiquement r\u00e9cup\u00e9r\u00e9 du site Web lors d&rsquo;une visite ult\u00e9rieure.<\/p>\n\n<p>QUELS COOKIES UTILISONS-NOUS ?<br\/>Les cookies permettent \u00e0 la soci\u00e9t\u00e9 de collecter des informations telles que le type de navigateur, le temps pass\u00e9 sur le Site, les pages visit\u00e9es, les pr\u00e9f\u00e9rences linguistiques, le chemin de navigation et les produits consult\u00e9s par les Utilisateurs.<br\/>Les diff\u00e9rents types de cookies utilis\u00e9s sur le Site sont list\u00e9s ci-dessous.<\/p>\n\n<p>1. COOKIES TECHNIQUES<br\/>Les cookies techniques sont indispensables au Site et permettent \u00e0 l&rsquo;Utilisateur de s&rsquo;y d\u00e9placer et d&rsquo;utiliser ses services et fonctionnalit\u00e9s.<br\/>La soci\u00e9t\u00e9 utilise les informations pour des raisons de s\u00e9curit\u00e9, pour faciliter la navigation, pour reconna\u00eetre l&rsquo;Utilisateur lorsqu&rsquo;il revient visiter le Site, et pour mieux visualiser les informations.<br\/>En l&rsquo;absence de ces cookies, le Site ou certaines parties de celui-ci peuvent ne pas fonctionner correctement.<br\/>Par cons\u00e9quent, ils sont toujours utilis\u00e9s, quelles que soient les pr\u00e9f\u00e9rences exprim\u00e9es par l&rsquo;Utilisateur.<\/p>\n\n<p>2. ANALYSE DES COOKIES<br\/>Les cookies de ce type sont utilis\u00e9s pour collecter des informations sur l&rsquo;utilisation du Site par l&rsquo;Utilisateur.<br\/>La soci\u00e9t\u00e9 utilise ces informations \u00e0 des fins d&rsquo;analyse statistique, pour am\u00e9liorer le Site et en simplifier l&rsquo;utilisation, ainsi que pour contr\u00f4ler son bon fonctionnement.<br\/>Ces cookies collectent des informations sur la mani\u00e8re dont les Utilisateurs sont arriv\u00e9s sur le Site et les pages visit\u00e9es et peuvent \u00eatre associ\u00e9s \u00e0 des informations sur l&rsquo;utilisateur telles que l&rsquo;adresse IP, le domaine ou le navigateur, mais ils sont toujours analys\u00e9s afin de ne pas pouvoir retracer l&rsquo;identit\u00e9 d&rsquo;un utilisateur particulier.<\/p>\n\n<p>3. COOKIES PROMOTIONNELS<br\/>Les cookies promotionnels sont utilis\u00e9s pour collecter des informations sur les habitudes de navigation de l&rsquo;Utilisateur afin de proposer des publicit\u00e9s pertinentes en fonction des pr\u00e9f\u00e9rences et int\u00e9r\u00eats affich\u00e9s par l&rsquo;Utilisateur lors de sa navigation sur le Site.<br\/>Ils servent \u00e9galement \u00e0 limiter le nombre d&rsquo;affichages d&rsquo;une publicit\u00e9 par l&rsquo;Utilisateur afin de rendre la communication plus efficace pour l&rsquo;organisateur et moins invasive pour l&rsquo;Utilisateur.<br\/>Des cookies promotionnels peuvent \u00e9galement \u00eatre d\u00e9pos\u00e9s sur l&rsquo;appareil de l&rsquo;Utilisateur par des annonceurs tiers, des r\u00e9seaux publicitaires, des services d&rsquo;\u00e9change de donn\u00e9es et d&rsquo;analyse marketing et d&rsquo;autres prestataires de services, suite \u00e0 la navigation sur le Site.<br\/>Les informations recueillies \u00e0 l&rsquo;aide de ce type de cookies de publicit\u00e9 cibl\u00e9e g\u00e9r\u00e9s par des tiers ne permettent pas d&rsquo;identifier personnellement l&rsquo;utilisateur.<\/p>\n\n<p>ACTIVATION \/ D\u00c9SACTIVATION DES COOKIES VIA LE NAVIGATEUR<br\/>La plupart des navigateurs (Internet Explorer, Firefox, Chrome, etc.) sont configur\u00e9s pour accepter les cookies.<br\/>Les cookies stock\u00e9s sur le disque dur de l&rsquo;appareil de l&rsquo;Utilisateur peuvent toujours \u00eatre supprim\u00e9s et il est \u00e9galement possible de d\u00e9sactiver les cookies en suivant les instructions fournies par les principaux navigateurs, aux liens suivants :<\/p>\n\n<p>Chrome<\/p>\n\n<figure class=\"wp-block-embed\"><div class=\"wp-block-embed__wrapper\">\nhttps:\/\/support.google.com\/chrome\/answer\/95647?hl=it\n<\/div><\/figure>\n\n<p>Firefox<\/p>\n\n<p>http:\/\/support.mozilla.org\/it\/kb\/Eliminare%20i%20cookie<\/p>\n\n<p>Internet Explorer<\/p>\n\n<p>http:\/\/windows.microsoft.com\/it-it\/internet-explorer\/delete-manage-cookies#ie=ie-10<\/p>\n\n<p>Opera<\/p>\n\n<p>http:\/\/www.opera.com\/help\/tutorials\/security\/privacy\/<\/p>\n\n<p>Safari<\/p>\n\n<p>http:\/\/support.apple.com\/kb\/ph11920<\/p>\n","protected":false},"excerpt":{"rendered":"<p>Informations sur le traitement des donn\u00e9es en vertu et pour les effets du r\u00e8glement europ\u00e9en (UE) 2016\/679 Conform\u00e9ment aux dispositions du R\u00e8glement europ\u00e9en (UE) 2016\/679, Nuovi Tessile S.r.l. (ci-apr\u00e8s la \u00ab soci\u00e9t\u00e9 \u00bb) en tant que responsable du traitement, vous fournit les informations n\u00e9cessaires concernant les finalit\u00e9s et les modalit\u00e9s de traitement de vos donn\u00e9es [&hellip;]<\/p>\n","protected":false},"author":1,"featured_media":0,"parent":0,"menu_order":0,"comment_status":"closed","ping_status":"closed","template":"","meta":{"footnotes":""},"class_list":["post-4004","page","type-page","status-publish","hentry"],"yoast_head":"<!-- This site is optimized with the Yoast SEO plugin v18.9 - https:\/\/yoast.com\/wordpress\/plugins\/seo\/ -->\n<title>Tessuti pronto magazzino - Stock Tessuti - Stampa tessuti- Novit\u00e0 Tessile<\/title>\n<meta name=\"description\" content=\"Novit\u00e0 Tessile - Vasta gamma di tessuti pronto magazzino, stock service sia a metro che a KG e stampa tessuti. Fornitura campionature.\" \/>\n<meta name=\"robots\" content=\"index, follow, max-snippet:-1, max-image-preview:large, max-video-preview:-1\" \/>\n<link rel=\"canonical\" href=\"https:\/\/novitatessile.com\/fr\/politique-de-confidentialite\/\" \/>\n<meta property=\"og:locale\" content=\"fr_FR\" \/>\n<meta property=\"og:type\" content=\"article\" \/>\n<meta property=\"og:title\" content=\"Tessuti pronto magazzino - Stock Tessuti - Stampa tessuti- Novit\u00e0 Tessile\" \/>\n<meta property=\"og:description\" content=\"Novit\u00e0 Tessile - Vasta gamma di tessuti pronto magazzino, stock service sia a metro che a KG e stampa tessuti. Fornitura campionature.\" \/>\n<meta property=\"og:url\" content=\"https:\/\/novitatessile.com\/fr\/politique-de-confidentialite\/\" \/>\n<meta property=\"og:site_name\" content=\"Novit\u00e0 Tessile\" \/>\n<meta property=\"article:modified_time\" content=\"2022-06-03T14:08:14+00:00\" \/>\n<meta name=\"twitter:card\" content=\"summary_large_image\" \/>\n<meta name=\"twitter:label1\" content=\"Dur\u00e9e de lecture estim\u00e9e\" \/>\n\t<meta name=\"twitter:data1\" content=\"4 minutes\" \/>\n<script type=\"application\/ld+json\" class=\"yoast-schema-graph\">{\"@context\":\"https:\/\/schema.org\",\"@graph\":[{\"@type\":\"Organization\",\"@id\":\"https:\/\/novitatessile.com\/#organization\",\"name\":\"Novit\u00e0 Tessile\",\"url\":\"https:\/\/novitatessile.com\/\",\"sameAs\":[],\"logo\":{\"@type\":\"ImageObject\",\"inLanguage\":\"fr-FR\",\"@id\":\"https:\/\/novitatessile.com\/#\/schema\/logo\/image\/\",\"url\":\"https:\/\/novitatessile.com\/wp-content\/uploads\/2022\/05\/Logo-Novita\u0300Tessile.png\",\"contentUrl\":\"https:\/\/novitatessile.com\/wp-content\/uploads\/2022\/05\/Logo-Novita\u0300Tessile.png\",\"width\":600,\"height\":155,\"caption\":\"Novit\u00e0 Tessile\"},\"image\":{\"@id\":\"https:\/\/novitatessile.com\/#\/schema\/logo\/image\/\"}},{\"@type\":\"WebSite\",\"@id\":\"https:\/\/novitatessile.com\/#website\",\"url\":\"https:\/\/novitatessile.com\/\",\"name\":\"Novit\u00e0 Tessile\",\"description\":\"\",\"publisher\":{\"@id\":\"https:\/\/novitatessile.com\/#organization\"},\"potentialAction\":[{\"@type\":\"SearchAction\",\"target\":{\"@type\":\"EntryPoint\",\"urlTemplate\":\"https:\/\/novitatessile.com\/?s={search_term_string}\"},\"query-input\":\"required name=search_term_string\"}],\"inLanguage\":\"fr-FR\"},{\"@type\":\"WebPage\",\"@id\":\"https:\/\/novitatessile.com\/fr\/politique-de-confidentialite\/#webpage\",\"url\":\"https:\/\/novitatessile.com\/fr\/politique-de-confidentialite\/\",\"name\":\"Tessuti pronto magazzino - Stock Tessuti - Stampa tessuti- Novit\u00e0 Tessile\",\"isPartOf\":{\"@id\":\"https:\/\/novitatessile.com\/#website\"},\"datePublished\":\"2022-05-30T15:24:07+00:00\",\"dateModified\":\"2022-06-03T14:08:14+00:00\",\"description\":\"Novit\u00e0 Tessile - Vasta gamma di tessuti pronto magazzino, stock service sia a metro che a KG e stampa tessuti. Fornitura campionature.\",\"breadcrumb\":{\"@id\":\"https:\/\/novitatessile.com\/fr\/politique-de-confidentialite\/#breadcrumb\"},\"inLanguage\":\"fr-FR\",\"potentialAction\":[{\"@type\":\"ReadAction\",\"target\":[\"https:\/\/novitatessile.com\/fr\/politique-de-confidentialite\/\"]}]},{\"@type\":\"BreadcrumbList\",\"@id\":\"https:\/\/novitatessile.com\/fr\/politique-de-confidentialite\/#breadcrumb\",\"itemListElement\":[{\"@type\":\"ListItem\",\"position\":1,\"name\":\"Home\",\"item\":\"https:\/\/novitatessile.com\/fr\/\"},{\"@type\":\"ListItem\",\"position\":2,\"name\":\"Politique de confidentialit\u00e9\"}]}]}<\/script>\n<!-- \/ Yoast SEO plugin. -->","yoast_head_json":{"title":"Tessuti pronto magazzino - Stock Tessuti - Stampa tessuti- Novit\u00e0 Tessile","description":"Novit\u00e0 Tessile - Vasta gamma di tessuti pronto magazzino, stock service sia a metro che a KG e stampa tessuti. Fornitura campionature.","robots":{"index":"index","follow":"follow","max-snippet":"max-snippet:-1","max-image-preview":"max-image-preview:large","max-video-preview":"max-video-preview:-1"},"canonical":"https:\/\/novitatessile.com\/fr\/politique-de-confidentialite\/","og_locale":"fr_FR","og_type":"article","og_title":"Tessuti pronto magazzino - Stock Tessuti - Stampa tessuti- Novit\u00e0 Tessile","og_description":"Novit\u00e0 Tessile - Vasta gamma di tessuti pronto magazzino, stock service sia a metro che a KG e stampa tessuti. Fornitura campionature.","og_url":"https:\/\/novitatessile.com\/fr\/politique-de-confidentialite\/","og_site_name":"Novit\u00e0 Tessile","article_modified_time":"2022-06-03T14:08:14+00:00","twitter_card":"summary_large_image","twitter_misc":{"Dur\u00e9e de lecture estim\u00e9e":"4 minutes"},"schema":{"@context":"https:\/\/schema.org","@graph":[{"@type":"Organization","@id":"https:\/\/novitatessile.com\/#organization","name":"Novit\u00e0 Tessile","url":"https:\/\/novitatessile.com\/","sameAs":[],"logo":{"@type":"ImageObject","inLanguage":"fr-FR","@id":"https:\/\/novitatessile.com\/#\/schema\/logo\/image\/","url":"https:\/\/novitatessile.com\/wp-content\/uploads\/2022\/05\/Logo-Novita\u0300Tessile.png","contentUrl":"https:\/\/novitatessile.com\/wp-content\/uploads\/2022\/05\/Logo-Novita\u0300Tessile.png","width":600,"height":155,"caption":"Novit\u00e0 Tessile"},"image":{"@id":"https:\/\/novitatessile.com\/#\/schema\/logo\/image\/"}},{"@type":"WebSite","@id":"https:\/\/novitatessile.com\/#website","url":"https:\/\/novitatessile.com\/","name":"Novit\u00e0 Tessile","description":"","publisher":{"@id":"https:\/\/novitatessile.com\/#organization"},"potentialAction":[{"@type":"SearchAction","target":{"@type":"EntryPoint","urlTemplate":"https:\/\/novitatessile.com\/?s={search_term_string}"},"query-input":"required name=search_term_string"}],"inLanguage":"fr-FR"},{"@type":"WebPage","@id":"https:\/\/novitatessile.com\/fr\/politique-de-confidentialite\/#webpage","url":"https:\/\/novitatessile.com\/fr\/politique-de-confidentialite\/","name":"Tessuti pronto magazzino - Stock Tessuti - Stampa tessuti- Novit\u00e0 Tessile","isPartOf":{"@id":"https:\/\/novitatessile.com\/#website"},"datePublished":"2022-05-30T15:24:07+00:00","dateModified":"2022-06-03T14:08:14+00:00","description":"Novit\u00e0 Tessile - Vasta gamma di tessuti pronto magazzino, stock service sia a metro che a KG e stampa tessuti. Fornitura campionature.","breadcrumb":{"@id":"https:\/\/novitatessile.com\/fr\/politique-de-confidentialite\/#breadcrumb"},"inLanguage":"fr-FR","potentialAction":[{"@type":"ReadAction","target":["https:\/\/novitatessile.com\/fr\/politique-de-confidentialite\/"]}]},{"@type":"BreadcrumbList","@id":"https:\/\/novitatessile.com\/fr\/politique-de-confidentialite\/#breadcrumb","itemListElement":[{"@type":"ListItem","position":1,"name":"Home","item":"https:\/\/novitatessile.com\/fr\/"},{"@type":"ListItem","position":2,"name":"Politique de confidentialit\u00e9"}]}]}},"_links":{"self":[{"href":"https:\/\/novitatessile.com\/fr\/wp-json\/wp\/v2\/pages\/4004","targetHints":{"allow":["GET"]}}],"collection":[{"href":"https:\/\/novitatessile.com\/fr\/wp-json\/wp\/v2\/pages"}],"about":[{"href":"https:\/\/novitatessile.com\/fr\/wp-json\/wp\/v2\/types\/page"}],"author":[{"embeddable":true,"href":"https:\/\/novitatessile.com\/fr\/wp-json\/wp\/v2\/users\/1"}],"replies":[{"embeddable":true,"href":"https:\/\/novitatessile.com\/fr\/wp-json\/wp\/v2\/comments?post=4004"}],"version-history":[{"count":4,"href":"https:\/\/novitatessile.com\/fr\/wp-json\/wp\/v2\/pages\/4004\/revisions"}],"predecessor-version":[{"id":4036,"href":"https:\/\/novitatessile.com\/fr\/wp-json\/wp\/v2\/pages\/4004\/revisions\/4036"}],"wp:attachment":[{"href":"https:\/\/novitatessile.com\/fr\/wp-json\/wp\/v2\/media?parent=4004"}],"curies":[{"name":"wp","href":"https:\/\/api.w.org\/{rel}","templated":true}]}}