{"id":3655,"date":"2022-05-18T16:43:27","date_gmt":"2022-05-18T14:43:27","guid":{"rendered":"https:\/\/novitatessile.com\/contactez-nous\/"},"modified":"2022-05-27T13:52:28","modified_gmt":"2022-05-27T11:52:28","slug":"contactez-nous","status":"publish","type":"page","link":"https:\/\/novitatessile.com\/fr\/contactez-nous\/","title":{"rendered":"Contactez-nous"},"content":{"rendered":"\t\t<div data-elementor-type=\"wp-page\" data-elementor-id=\"3655\" class=\"elementor elementor-3655 elementor-2808\">\n\t\t\t\t\t\t\t\t\t<section class=\"elementor-section elementor-top-section elementor-element elementor-element-6fb7997 elementor-section-boxed elementor-section-height-default elementor-section-height-default\" data-id=\"6fb7997\" data-element_type=\"section\">\n\t\t\t\t\t\t<div class=\"elementor-container elementor-column-gap-default\">\n\t\t\t\t\t<div class=\"elementor-column elementor-col-100 elementor-top-column elementor-element elementor-element-c80cc97\" data-id=\"c80cc97\" data-element_type=\"column\">\n\t\t\t<div class=\"elementor-widget-wrap elementor-element-populated\">\n\t\t\t\t\t\t\t\t<div class=\"elementor-element elementor-element-cf13ca3 elementor-widget elementor-widget-spacer\" data-id=\"cf13ca3\" data-element_type=\"widget\" data-widget_type=\"spacer.default\">\n\t\t\t\t<div class=\"elementor-widget-container\">\n\t\t\t<style>\/*! elementor - v3.6.5 - 27-04-2022 *\/\n.e-container.e-container--row .elementor-spacer-inner{width:var(--spacer-size)}.e-container.e-container--column .elementor-spacer-inner,.elementor-column .elementor-spacer-inner{height:var(--spacer-size)}<\/style>\t\t<div class=\"elementor-spacer\">\n\t\t\t<div class=\"elementor-spacer-inner\"><\/div>\n\t\t<\/div>\n\t\t\t\t<\/div>\n\t\t\t\t<\/div>\n\t\t\t\t<div class=\"elementor-element elementor-element-054e1e2 elementor-widget elementor-widget-heading\" data-id=\"054e1e2\" data-element_type=\"widget\" data-widget_type=\"heading.default\">\n\t\t\t\t<div class=\"elementor-widget-container\">\n\t\t\t<style>\/*! elementor - v3.6.5 - 27-04-2022 *\/\n.elementor-heading-title{padding:0;margin:0;line-height:1}.elementor-widget-heading .elementor-heading-title[class*=elementor-size-]>a{color:inherit;font-size:inherit;line-height:inherit}.elementor-widget-heading .elementor-heading-title.elementor-size-small{font-size:15px}.elementor-widget-heading .elementor-heading-title.elementor-size-medium{font-size:19px}.elementor-widget-heading .elementor-heading-title.elementor-size-large{font-size:29px}.elementor-widget-heading .elementor-heading-title.elementor-size-xl{font-size:39px}.elementor-widget-heading .elementor-heading-title.elementor-size-xxl{font-size:59px}<\/style><h2 class=\"elementor-heading-title elementor-size-default\">Contactez-nous d\u00e9s maintenant pour toute Question ou commande.<\/h2>\t\t<\/div>\n\t\t\t\t<\/div>\n\t\t\t\t<div class=\"elementor-element elementor-element-b354321 elementor-widget elementor-widget-google_maps\" data-id=\"b354321\" data-element_type=\"widget\" data-widget_type=\"google_maps.default\">\n\t\t\t\t<div class=\"elementor-widget-container\">\n\t\t\t<style>\/*! elementor - v3.6.5 - 27-04-2022 *\/\n.elementor-widget-google_maps .elementor-widget-container{overflow:hidden}.elementor-widget-google_maps iframe{height:300px}<\/style>\t\t<div class=\"elementor-custom-embed\">\n\t\t\t<iframe frameborder=\"0\" scrolling=\"no\" marginheight=\"0\" marginwidth=\"0\"\n\t\t\t\t\tsrc=\"https:\/\/maps.google.com\/maps?q=Via%20San%20Quirico%2C%20201%2C%2050013%20Campi%20Bisenzio%20FI&#038;t=m&#038;z=12&#038;output=embed&#038;iwloc=near\"\n\t\t\t\t\ttitle=\"Via San Quirico, 201, 50013 Campi Bisenzio FI\"\n\t\t\t\t\taria-label=\"Via San Quirico, 201, 50013 Campi Bisenzio FI\"\n\t\t\t><\/iframe>\n\t\t<\/div>\n\t\t\t\t<\/div>\n\t\t\t\t<\/div>\n\t\t\t\t<div class=\"elementor-element elementor-element-37b3d87 elementor-widget elementor-widget-unico_contact_us_v2\" data-id=\"37b3d87\" data-element_type=\"widget\" data-widget_type=\"unico_contact_us_v2.default\">\n\t\t\t\t<div class=\"elementor-widget-container\">\n\t\t\t\t\t\n        <!-- ============================ Who We Are Start ================================== -->\n        <section>\n            <div class=\"container\">\n            \n                <div class=\"row mb-4\">\n                                        <div class=\"col-lg-4 col-md-4\">\n                        <div class=\"contact-box\">\n                            <i class=\"fa fa-map-marker\"><\/i>\n                            <h4>O\u00f9 nous trouver<\/h4>\n                            Via San Quirico, 201\n50013 Campi Bisenzio (FI)                        <\/div>\n                    <\/div>\n                                        <div class=\"col-lg-4 col-md-4\">\n                        <div class=\"contact-box\">\n                            <i class=\"icofont-ui-email\"><\/i>\n                            <h4>Email <br \/>du contact<\/h4>\n                            <a href=\"mailto:info@novitatessile.com\">info@novitatessile.com<\/a>                        <\/div>\n                    <\/div>\n                                        <div class=\"col-lg-4 col-md-4\">\n                        <div class=\"contact-box\">\n                            <i class=\"fa fa-phone\"><\/i>\n                            <h4>Contact <br \/>t\u00e9l\u00e9phonique<\/h4>\n                            +39 320 628 4439                        <\/div>\n                    <\/div>\n                                    <\/div>\n                \n                <div class=\"row mt-5\">\n                       \n                    <div class=\"col-lg-7 col-md-7\">\n                        <div class=\"contact-form\">\n                            <div role=\"form\" class=\"wpcf7\" id=\"wpcf7-f3692-o1\" lang=\"fr-FR\" dir=\"ltr\">\n<div class=\"screen-reader-response\"><p role=\"status\" aria-live=\"polite\" aria-atomic=\"true\"><\/p> <ul><\/ul><\/div>\n<form action=\"\/fr\/wp-json\/wp\/v2\/pages\/3655#wpcf7-f3692-o1\" method=\"post\" class=\"wpcf7-form init\" novalidate=\"novalidate\" data-status=\"init\">\n<div style=\"display: none;\">\n<input type=\"hidden\" name=\"_wpcf7\" value=\"3692\" \/>\n<input type=\"hidden\" name=\"_wpcf7_version\" value=\"5.5.6\" \/>\n<input type=\"hidden\" name=\"_wpcf7_locale\" value=\"fr_FR\" \/>\n<input type=\"hidden\" name=\"_wpcf7_unit_tag\" value=\"wpcf7-f3692-o1\" \/>\n<input type=\"hidden\" name=\"_wpcf7_container_post\" value=\"0\" \/>\n<input type=\"hidden\" name=\"_wpcf7_posted_data_hash\" value=\"\" \/>\n<input type=\"hidden\" name=\"_wpcf7_recaptcha_response\" value=\"\" \/>\n<\/div>\n<div class=\"form-row\">\n<div class=\"form-group col-md-6\">\n<label> Nom<br \/>\n    <span class=\"wpcf7-form-control-wrap your-name\"><input type=\"text\" name=\"your-name\" value=\"\" size=\"40\" class=\"wpcf7-form-control wpcf7-text wpcf7-validates-as-required form-control\" aria-required=\"true\" aria-invalid=\"false\" \/><\/span> <\/label>\n<\/div>\n<div class=\"form-group col-md-6\">\n<label> Agence<br \/>\n    <span class=\"wpcf7-form-control-wrap azienda\"><input type=\"text\" name=\"azienda\" value=\"\" size=\"40\" class=\"wpcf7-form-control wpcf7-text wpcf7-validates-as-required form-control\" aria-required=\"true\" aria-invalid=\"false\" \/><\/span> <\/label>\n<\/div>\n<\/div>\n<div class=\"form-row\">\n<div class=\"form-group col-md-6\">\n<label> E-mail<br \/>\n    <span class=\"wpcf7-form-control-wrap your-email\"><input type=\"email\" name=\"your-email\" value=\"\" size=\"40\" class=\"wpcf7-form-control wpcf7-text wpcf7-email wpcf7-validates-as-required wpcf7-validates-as-email form-control\" aria-required=\"true\" aria-invalid=\"false\" \/><\/span> <\/label>\n<\/div>\n<div class=\"form-group col-md-6\">\n<label> T\u00e9l\u00e9phone<br \/>\n    <span class=\"wpcf7-form-control-wrap your-tel\"><input type=\"tel\" name=\"your-tel\" value=\"\" size=\"40\" class=\"wpcf7-form-control wpcf7-text wpcf7-tel wpcf7-validates-as-required wpcf7-validates-as-tel form-control\" aria-required=\"true\" aria-invalid=\"false\" \/><\/span> <\/label>\n<\/div>\n<div class=\"form-row\">\n<div class=\"form-group col-md-12\">\n<label> Objet<br \/>\n    <span class=\"wpcf7-form-control-wrap your-subject\"><input type=\"text\" name=\"your-subject\" value=\"\" size=\"40\" class=\"wpcf7-form-control wpcf7-text form-control\" aria-invalid=\"false\" \/><\/span> <\/label><br \/>\n<label> Message<br \/>\n    <span class=\"wpcf7-form-control-wrap your-message\"><textarea name=\"your-message\" cols=\"40\" rows=\"10\" class=\"wpcf7-form-control wpcf7-textarea form-control\" aria-invalid=\"false\"><\/textarea><\/span> <\/label>\n<\/div>\n<div class=\"form-group col-md-12\">\n<span class=\"wpcf7-form-control-wrap acceptance-602\"><span class=\"wpcf7-form-control wpcf7-acceptance\"><span class=\"wpcf7-list-item\"><label><input type=\"checkbox\" name=\"acceptance-602\" value=\"1\" aria-invalid=\"false\" \/><span class=\"wpcf7-list-item-label\">Le soussign\u00e9 exprime son consentement libre et conscient au traitement de ses donn\u00e9es par Novit\u00e0 Tessile Srl aux fins et de la mani\u00e8re d\u00e9crites dans la politique de confidentialit\u00e9 dont il d\u00e9clare avoir pris connaissance.<\/span><\/label><\/span><\/span><\/span>\n<\/div>\n<\/div>\n<p><input type=\"submit\" value=\"Envoyer\" class=\"wpcf7-form-control has-spinner wpcf7-submit btn btn-primary\" \/><\/p>\n<div class=\"wpcf7-response-output\" aria-hidden=\"true\"><\/div><\/form><\/div>                        <\/div>\n                    <\/div>\n                    \n                <\/div>\n                \n            <\/div>\n        <\/section>\n        <div class=\"clearfix\"><\/div>\n        <!-- ============================ Who We Are End ================================== -->\n        \n        \t\t<\/div>\n\t\t\t\t<\/div>\n\t\t\t\t\t<\/div>\n\t\t<\/div>\n\t\t\t\t\t\t\t<\/div>\n\t\t<\/section>\n\t\t\t\t\t\t\t<\/div>\n\t\t","protected":false},"excerpt":{"rendered":"<p>Contactez-nous d\u00e9s maintenant pour toute Question ou commande. O\u00f9 nous trouver Via San Quirico, 201 50013 Campi Bisenzio (FI) Email du contact info@novitatessile.com Contact t\u00e9l\u00e9phonique +39 320 628 4439 Nome Azienda E-mail Telefono Oggetto Messaggio Il sottoscritto esprime il proprio libero e consapevole consenso per il trattamento dei propri dati da parte della Novit\u00e0 Tessile [&hellip;]<\/p>\n","protected":false},"author":1,"featured_media":0,"parent":0,"menu_order":0,"comment_status":"closed","ping_status":"closed","template":"","meta":{"footnotes":""},"class_list":["post-3655","page","type-page","status-publish","hentry"],"yoast_head":"<!-- This site is optimized with the Yoast SEO plugin v18.9 - https:\/\/yoast.com\/wordpress\/plugins\/seo\/ -->\n<title>Tessuti pronto magazzino - Stock Tessuti - Stampa tessuti- Novit\u00e0 Tessile<\/title>\n<meta name=\"description\" content=\"Novit\u00e0 Tessile - Vasta gamma di tessuti pronto magazzino, stock service sia a metro che a KG e stampa tessuti. Fornitura campionature.\" \/>\n<meta name=\"robots\" content=\"index, follow, max-snippet:-1, max-image-preview:large, max-video-preview:-1\" \/>\n<link rel=\"canonical\" href=\"https:\/\/novitatessile.com\/fr\/contactez-nous\/\" \/>\n<meta property=\"og:locale\" content=\"fr_FR\" \/>\n<meta property=\"og:type\" content=\"article\" \/>\n<meta property=\"og:title\" content=\"Tessuti pronto magazzino - Stock Tessuti - Stampa tessuti- Novit\u00e0 Tessile\" \/>\n<meta property=\"og:description\" content=\"Novit\u00e0 Tessile - Vasta gamma di tessuti pronto magazzino, stock service sia a metro che a KG e stampa tessuti. Fornitura campionature.\" \/>\n<meta property=\"og:url\" content=\"https:\/\/novitatessile.com\/fr\/contactez-nous\/\" \/>\n<meta property=\"og:site_name\" content=\"Novit\u00e0 Tessile\" \/>\n<meta property=\"article:modified_time\" content=\"2022-05-27T11:52:28+00:00\" \/>\n<meta property=\"og:image\" content=\"https:\/\/novitatessile.com\/wp-content\/uploads\/2022\/05\/novita\u0300tessile-home.png\" \/>\n<meta name=\"twitter:card\" content=\"summary_large_image\" \/>\n<meta name=\"twitter:label1\" content=\"Dur\u00e9e de lecture estim\u00e9e\" \/>\n\t<meta name=\"twitter:data1\" content=\"1 minute\" \/>\n<script type=\"application\/ld+json\" class=\"yoast-schema-graph\">{\"@context\":\"https:\/\/schema.org\",\"@graph\":[{\"@type\":\"Organization\",\"@id\":\"https:\/\/novitatessile.com\/#organization\",\"name\":\"Novit\u00e0 Tessile\",\"url\":\"https:\/\/novitatessile.com\/\",\"sameAs\":[],\"logo\":{\"@type\":\"ImageObject\",\"inLanguage\":\"fr-FR\",\"@id\":\"https:\/\/novitatessile.com\/#\/schema\/logo\/image\/\",\"url\":\"https:\/\/novitatessile.com\/wp-content\/uploads\/2022\/05\/Logo-Novita\u0300Tessile.png\",\"contentUrl\":\"https:\/\/novitatessile.com\/wp-content\/uploads\/2022\/05\/Logo-Novita\u0300Tessile.png\",\"width\":600,\"height\":155,\"caption\":\"Novit\u00e0 Tessile\"},\"image\":{\"@id\":\"https:\/\/novitatessile.com\/#\/schema\/logo\/image\/\"}},{\"@type\":\"WebSite\",\"@id\":\"https:\/\/novitatessile.com\/#website\",\"url\":\"https:\/\/novitatessile.com\/\",\"name\":\"Novit\u00e0 Tessile\",\"description\":\"\",\"publisher\":{\"@id\":\"https:\/\/novitatessile.com\/#organization\"},\"potentialAction\":[{\"@type\":\"SearchAction\",\"target\":{\"@type\":\"EntryPoint\",\"urlTemplate\":\"https:\/\/novitatessile.com\/?s={search_term_string}\"},\"query-input\":\"required name=search_term_string\"}],\"inLanguage\":\"fr-FR\"},{\"@type\":\"ImageObject\",\"inLanguage\":\"fr-FR\",\"@id\":\"https:\/\/novitatessile.com\/fr\/contactez-nous\/#primaryimage\",\"url\":\"\",\"contentUrl\":\"\"},{\"@type\":\"WebPage\",\"@id\":\"https:\/\/novitatessile.com\/fr\/contactez-nous\/#webpage\",\"url\":\"https:\/\/novitatessile.com\/fr\/contactez-nous\/\",\"name\":\"Tessuti pronto magazzino - Stock Tessuti - Stampa tessuti- Novit\u00e0 Tessile\",\"isPartOf\":{\"@id\":\"https:\/\/novitatessile.com\/#website\"},\"primaryImageOfPage\":{\"@id\":\"https:\/\/novitatessile.com\/fr\/contactez-nous\/#primaryimage\"},\"datePublished\":\"2022-05-18T14:43:27+00:00\",\"dateModified\":\"2022-05-27T11:52:28+00:00\",\"description\":\"Novit\u00e0 Tessile - Vasta gamma di tessuti pronto magazzino, stock service sia a metro che a KG e stampa tessuti. Fornitura campionature.\",\"breadcrumb\":{\"@id\":\"https:\/\/novitatessile.com\/fr\/contactez-nous\/#breadcrumb\"},\"inLanguage\":\"fr-FR\",\"potentialAction\":[{\"@type\":\"ReadAction\",\"target\":[\"https:\/\/novitatessile.com\/fr\/contactez-nous\/\"]}]},{\"@type\":\"BreadcrumbList\",\"@id\":\"https:\/\/novitatessile.com\/fr\/contactez-nous\/#breadcrumb\",\"itemListElement\":[{\"@type\":\"ListItem\",\"position\":1,\"name\":\"Home\",\"item\":\"https:\/\/novitatessile.com\/fr\/\"},{\"@type\":\"ListItem\",\"position\":2,\"name\":\"Contactez-nous\"}]}]}<\/script>\n<!-- \/ Yoast SEO plugin. -->","yoast_head_json":{"title":"Tessuti pronto magazzino - Stock Tessuti - Stampa tessuti- Novit\u00e0 Tessile","description":"Novit\u00e0 Tessile - Vasta gamma di tessuti pronto magazzino, stock service sia a metro che a KG e stampa tessuti. Fornitura campionature.","robots":{"index":"index","follow":"follow","max-snippet":"max-snippet:-1","max-image-preview":"max-image-preview:large","max-video-preview":"max-video-preview:-1"},"canonical":"https:\/\/novitatessile.com\/fr\/contactez-nous\/","og_locale":"fr_FR","og_type":"article","og_title":"Tessuti pronto magazzino - Stock Tessuti - Stampa tessuti- Novit\u00e0 Tessile","og_description":"Novit\u00e0 Tessile - Vasta gamma di tessuti pronto magazzino, stock service sia a metro che a KG e stampa tessuti. Fornitura campionature.","og_url":"https:\/\/novitatessile.com\/fr\/contactez-nous\/","og_site_name":"Novit\u00e0 Tessile","article_modified_time":"2022-05-27T11:52:28+00:00","og_image":[{"url":"https:\/\/novitatessile.com\/wp-content\/uploads\/2022\/05\/novita\u0300tessile-home.png"}],"twitter_card":"summary_large_image","twitter_misc":{"Dur\u00e9e de lecture estim\u00e9e":"1 minute"},"schema":{"@context":"https:\/\/schema.org","@graph":[{"@type":"Organization","@id":"https:\/\/novitatessile.com\/#organization","name":"Novit\u00e0 Tessile","url":"https:\/\/novitatessile.com\/","sameAs":[],"logo":{"@type":"ImageObject","inLanguage":"fr-FR","@id":"https:\/\/novitatessile.com\/#\/schema\/logo\/image\/","url":"https:\/\/novitatessile.com\/wp-content\/uploads\/2022\/05\/Logo-Novita\u0300Tessile.png","contentUrl":"https:\/\/novitatessile.com\/wp-content\/uploads\/2022\/05\/Logo-Novita\u0300Tessile.png","width":600,"height":155,"caption":"Novit\u00e0 Tessile"},"image":{"@id":"https:\/\/novitatessile.com\/#\/schema\/logo\/image\/"}},{"@type":"WebSite","@id":"https:\/\/novitatessile.com\/#website","url":"https:\/\/novitatessile.com\/","name":"Novit\u00e0 Tessile","description":"","publisher":{"@id":"https:\/\/novitatessile.com\/#organization"},"potentialAction":[{"@type":"SearchAction","target":{"@type":"EntryPoint","urlTemplate":"https:\/\/novitatessile.com\/?s={search_term_string}"},"query-input":"required name=search_term_string"}],"inLanguage":"fr-FR"},{"@type":"ImageObject","inLanguage":"fr-FR","@id":"https:\/\/novitatessile.com\/fr\/contactez-nous\/#primaryimage","url":"","contentUrl":""},{"@type":"WebPage","@id":"https:\/\/novitatessile.com\/fr\/contactez-nous\/#webpage","url":"https:\/\/novitatessile.com\/fr\/contactez-nous\/","name":"Tessuti pronto magazzino - Stock Tessuti - Stampa tessuti- Novit\u00e0 Tessile","isPartOf":{"@id":"https:\/\/novitatessile.com\/#website"},"primaryImageOfPage":{"@id":"https:\/\/novitatessile.com\/fr\/contactez-nous\/#primaryimage"},"datePublished":"2022-05-18T14:43:27+00:00","dateModified":"2022-05-27T11:52:28+00:00","description":"Novit\u00e0 Tessile - Vasta gamma di tessuti pronto magazzino, stock service sia a metro che a KG e stampa tessuti. Fornitura campionature.","breadcrumb":{"@id":"https:\/\/novitatessile.com\/fr\/contactez-nous\/#breadcrumb"},"inLanguage":"fr-FR","potentialAction":[{"@type":"ReadAction","target":["https:\/\/novitatessile.com\/fr\/contactez-nous\/"]}]},{"@type":"BreadcrumbList","@id":"https:\/\/novitatessile.com\/fr\/contactez-nous\/#breadcrumb","itemListElement":[{"@type":"ListItem","position":1,"name":"Home","item":"https:\/\/novitatessile.com\/fr\/"},{"@type":"ListItem","position":2,"name":"Contactez-nous"}]}]}},"_links":{"self":[{"href":"https:\/\/novitatessile.com\/fr\/wp-json\/wp\/v2\/pages\/3655","targetHints":{"allow":["GET"]}}],"collection":[{"href":"https:\/\/novitatessile.com\/fr\/wp-json\/wp\/v2\/pages"}],"about":[{"href":"https:\/\/novitatessile.com\/fr\/wp-json\/wp\/v2\/types\/page"}],"author":[{"embeddable":true,"href":"https:\/\/novitatessile.com\/fr\/wp-json\/wp\/v2\/users\/1"}],"replies":[{"embeddable":true,"href":"https:\/\/novitatessile.com\/fr\/wp-json\/wp\/v2\/comments?post=3655"}],"version-history":[{"count":10,"href":"https:\/\/novitatessile.com\/fr\/wp-json\/wp\/v2\/pages\/3655\/revisions"}],"predecessor-version":[{"id":3704,"href":"https:\/\/novitatessile.com\/fr\/wp-json\/wp\/v2\/pages\/3655\/revisions\/3704"}],"wp:attachment":[{"href":"https:\/\/novitatessile.com\/fr\/wp-json\/wp\/v2\/media?parent=3655"}],"curies":[{"name":"wp","href":"https:\/\/api.w.org\/{rel}","templated":true}]}}