{"id":3653,"date":"2022-05-18T16:20:10","date_gmt":"2022-05-18T14:20:10","guid":{"rendered":"https:\/\/novitatessile.com\/qui-sommes-nous\/"},"modified":"2022-05-27T18:36:58","modified_gmt":"2022-05-27T16:36:58","slug":"qui-sommes-nous","status":"publish","type":"page","link":"https:\/\/novitatessile.com\/fr\/qui-sommes-nous\/","title":{"rendered":"Qui nous sommes"},"content":{"rendered":"\t\t<div data-elementor-type=\"wp-page\" data-elementor-id=\"3653\" class=\"elementor elementor-3653 elementor-2753\">\n\t\t\t\t\t\t\t\t\t<section class=\"elementor-section elementor-top-section elementor-element elementor-element-dd25018 elementor-section-boxed elementor-section-height-default elementor-section-height-default\" data-id=\"dd25018\" data-element_type=\"section\">\n\t\t\t\t\t\t<div class=\"elementor-container elementor-column-gap-default\">\n\t\t\t\t\t<div class=\"elementor-column elementor-col-100 elementor-top-column elementor-element elementor-element-c86c568\" data-id=\"c86c568\" data-element_type=\"column\">\n\t\t\t<div class=\"elementor-widget-wrap elementor-element-populated\">\n\t\t\t\t\t\t\t\t<div class=\"elementor-element elementor-element-f9d4051 elementor-widget elementor-widget-unico_why_people_love\" data-id=\"f9d4051\" data-element_type=\"widget\" data-widget_type=\"unico_why_people_love.default\">\n\t\t\t\t<div class=\"elementor-widget-container\">\n\t\t\t        \n        <!-- ============================ What We Do & Who We Are Start ================================== -->\n        <section class=\"p-0\">\n            <div class=\"container-fluid p-0\">\n            \n                <div class=\"row\">\n                                        <div class=\"col-lg-6 col-md-6 col-sm-12 p-0 image-block\">\n                        <div class=\"image-block-holder\">\n                            <div class=\"image-block-holder-img\" style=\"background: url(https:\/\/novitatessile.com\/wp-content\/uploads\/2022\/05\/novita\u0300tessile-home-10.png);opacity: 1;\">\n                                <img decoding=\"async\" src=\"https:\/\/novitatessile.com\/wp-content\/uploads\/2022\/05\/novita\u0300tessile-home-10.png\" class=\"img-responsive img-holder\" alt=\"Awesome Image\"\/>\n                            <\/div>\n                        <\/div>\n                    <\/div>\n                                        <div class=\"col-lg-6 col-md-6 col-sm-12 p-0\">\n                        <div class=\"image-block-content bg-warning inverse-color\">\n                            <h2>Qui nous sommes<\/h2>\n                            <p class=\"m-a20 f-w6 navy\">Novit\u00e0 Tessile a \u00e9t\u00e9 fond\u00e9e en 2014 sur la base d'une trentaine d'ann\u00e9es\nd'experience, anim\u00e9e par une forte motivation et une grande d\u00e9termination. <\/p>\n                                                        <ul class=\"simple-list\">\n                                                        \t<li>Disponibilit\u00e9 imm\u00e9diate<\/li>\n                        \t                            \t<li>Exp\u00e9rience<\/li>\n                        \t                            \t<li>Service des stocks<\/li>\n                        \t                            \t<li>Impression sur tissu<\/li>\n                        \t                            <\/ul>\n                                                                                <\/div>\n                    <\/div>\n                    \n                <\/div>\n                \n            <\/div>\t\n        <\/section>\n        <div class=\"clearfix\"><\/div>\n        <!-- ============================ What We Do & Who We Are End ================================== -->\n        \n\t\t\t\t<\/div>\n\t\t\t\t<\/div>\n\t\t\t\t<div class=\"elementor-element elementor-element-6db91a5 elementor-widget elementor-widget-spacer\" data-id=\"6db91a5\" data-element_type=\"widget\" data-widget_type=\"spacer.default\">\n\t\t\t\t<div class=\"elementor-widget-container\">\n\t\t\t<style>\/*! elementor - v3.6.5 - 27-04-2022 *\/\n.e-container.e-container--row .elementor-spacer-inner{width:var(--spacer-size)}.e-container.e-container--column .elementor-spacer-inner,.elementor-column .elementor-spacer-inner{height:var(--spacer-size)}<\/style>\t\t<div class=\"elementor-spacer\">\n\t\t\t<div class=\"elementor-spacer-inner\"><\/div>\n\t\t<\/div>\n\t\t\t\t<\/div>\n\t\t\t\t<\/div>\n\t\t\t\t<div class=\"elementor-element elementor-element-a972f40 elementor-widget elementor-widget-unico_call_to_action_v4\" data-id=\"a972f40\" data-element_type=\"widget\" data-widget_type=\"unico_call_to_action_v4.default\">\n\t\t\t\t<div class=\"elementor-widget-container\">\n\t\t\t        \n                \n        <!-- ============================ Tagline & Purchage section ============================ -->\n        <section>\n            <div class=\"container\">\n                <div class=\"row justify-content-center\">\n                    <div class=\"col-lg-10 col-md-10\">\n                    \n                        <div class=\" text-center\" data-aos=\"fade-up\" data-aos-duration=\"1200\">\n                            <h2 class=\"font-2 font-normal\">Question ou commande<\/h2>\n                            <p class=\"lead\">Contactez-nous d\u00e8s maintenant pour chaque besoin !<\/p>\n                                                        <a class=\"btn btn-primary border--radius mt-4\" href=\"https:\/\/novitatessile.com\/fr\/contactez-nous\/\">\n                                <span class=\"btn__text\">NOS CONTACTS<\/span>\n                            <\/a>\n                                                    <\/div>\n                        \n                    <\/div>\n                <\/div>\n            <\/div>\n        <\/section>\n        <div class=\"clearfix\"><\/div>\n        <!-- ============================ Tagline & Purchage section ============================ -->\n        \n\t\t\t\t<\/div>\n\t\t\t\t<\/div>\n\t\t\t\t<div class=\"elementor-element elementor-element-40895b7 elementor-widget elementor-widget-spacer\" data-id=\"40895b7\" data-element_type=\"widget\" data-widget_type=\"spacer.default\">\n\t\t\t\t<div class=\"elementor-widget-container\">\n\t\t\t\t\t<div class=\"elementor-spacer\">\n\t\t\t<div class=\"elementor-spacer-inner\"><\/div>\n\t\t<\/div>\n\t\t\t\t<\/div>\n\t\t\t\t<\/div>\n\t\t\t\t\t<\/div>\n\t\t<\/div>\n\t\t\t\t\t\t\t<\/div>\n\t\t<\/section>\n\t\t\t\t\t\t\t<\/div>\n\t\t","protected":false},"excerpt":{"rendered":"<p>Qui nous sommes Novit\u00e0 Tessile a \u00e9t\u00e9 fond\u00e9e en 2014 sur la base d&rsquo;une trentaine d&rsquo;ann\u00e9es d&rsquo;experience, anim\u00e9e par une forte motivation et une grande d\u00e9termination. Disponibilit\u00e9 imm\u00e9diate Exp\u00e9rience Service des stocks Impression sur tissu Question ou commande Contactez-nous d\u00e8s maintenant pour chaque besoin ! NOS CONTACTS<\/p>\n","protected":false},"author":1,"featured_media":0,"parent":0,"menu_order":0,"comment_status":"closed","ping_status":"closed","template":"","meta":{"footnotes":""},"class_list":["post-3653","page","type-page","status-publish","hentry"],"yoast_head":"<!-- This site is optimized with the Yoast SEO plugin v18.9 - https:\/\/yoast.com\/wordpress\/plugins\/seo\/ -->\n<title>Tessuti pronto magazzino - Stock Tessuti - Stampa tessuti- Novit\u00e0 Tessile<\/title>\n<meta name=\"description\" content=\"Novit\u00e0 Tessile - Vasta gamma di tessuti pronto magazzino, stock service sia a metro che a KG e stampa tessuti. Fornitura campionature.\" \/>\n<meta name=\"robots\" content=\"index, follow, max-snippet:-1, max-image-preview:large, max-video-preview:-1\" \/>\n<link rel=\"canonical\" href=\"https:\/\/novitatessile.com\/fr\/qui-sommes-nous\/\" \/>\n<meta property=\"og:locale\" content=\"fr_FR\" \/>\n<meta property=\"og:type\" content=\"article\" \/>\n<meta property=\"og:title\" content=\"Tessuti pronto magazzino - Stock Tessuti - Stampa tessuti- Novit\u00e0 Tessile\" \/>\n<meta property=\"og:description\" content=\"Novit\u00e0 Tessile - Vasta gamma di tessuti pronto magazzino, stock service sia a metro che a KG e stampa tessuti. Fornitura campionature.\" \/>\n<meta property=\"og:url\" content=\"https:\/\/novitatessile.com\/fr\/qui-sommes-nous\/\" \/>\n<meta property=\"og:site_name\" content=\"Novit\u00e0 Tessile\" \/>\n<meta property=\"article:modified_time\" content=\"2022-05-27T16:36:58+00:00\" \/>\n<meta name=\"twitter:card\" content=\"summary_large_image\" \/>\n<meta name=\"twitter:label1\" content=\"Dur\u00e9e de lecture estim\u00e9e\" \/>\n\t<meta name=\"twitter:data1\" content=\"1 minute\" \/>\n<script type=\"application\/ld+json\" class=\"yoast-schema-graph\">{\"@context\":\"https:\/\/schema.org\",\"@graph\":[{\"@type\":\"Organization\",\"@id\":\"https:\/\/novitatessile.com\/#organization\",\"name\":\"Novit\u00e0 Tessile\",\"url\":\"https:\/\/novitatessile.com\/\",\"sameAs\":[],\"logo\":{\"@type\":\"ImageObject\",\"inLanguage\":\"fr-FR\",\"@id\":\"https:\/\/novitatessile.com\/#\/schema\/logo\/image\/\",\"url\":\"https:\/\/novitatessile.com\/wp-content\/uploads\/2022\/05\/Logo-Novita\u0300Tessile.png\",\"contentUrl\":\"https:\/\/novitatessile.com\/wp-content\/uploads\/2022\/05\/Logo-Novita\u0300Tessile.png\",\"width\":600,\"height\":155,\"caption\":\"Novit\u00e0 Tessile\"},\"image\":{\"@id\":\"https:\/\/novitatessile.com\/#\/schema\/logo\/image\/\"}},{\"@type\":\"WebSite\",\"@id\":\"https:\/\/novitatessile.com\/#website\",\"url\":\"https:\/\/novitatessile.com\/\",\"name\":\"Novit\u00e0 Tessile\",\"description\":\"\",\"publisher\":{\"@id\":\"https:\/\/novitatessile.com\/#organization\"},\"potentialAction\":[{\"@type\":\"SearchAction\",\"target\":{\"@type\":\"EntryPoint\",\"urlTemplate\":\"https:\/\/novitatessile.com\/?s={search_term_string}\"},\"query-input\":\"required name=search_term_string\"}],\"inLanguage\":\"fr-FR\"},{\"@type\":\"WebPage\",\"@id\":\"https:\/\/novitatessile.com\/fr\/qui-sommes-nous\/#webpage\",\"url\":\"https:\/\/novitatessile.com\/fr\/qui-sommes-nous\/\",\"name\":\"Tessuti pronto magazzino - Stock Tessuti - Stampa tessuti- Novit\u00e0 Tessile\",\"isPartOf\":{\"@id\":\"https:\/\/novitatessile.com\/#website\"},\"datePublished\":\"2022-05-18T14:20:10+00:00\",\"dateModified\":\"2022-05-27T16:36:58+00:00\",\"description\":\"Novit\u00e0 Tessile - Vasta gamma di tessuti pronto magazzino, stock service sia a metro che a KG e stampa tessuti. Fornitura campionature.\",\"breadcrumb\":{\"@id\":\"https:\/\/novitatessile.com\/fr\/qui-sommes-nous\/#breadcrumb\"},\"inLanguage\":\"fr-FR\",\"potentialAction\":[{\"@type\":\"ReadAction\",\"target\":[\"https:\/\/novitatessile.com\/fr\/qui-sommes-nous\/\"]}]},{\"@type\":\"BreadcrumbList\",\"@id\":\"https:\/\/novitatessile.com\/fr\/qui-sommes-nous\/#breadcrumb\",\"itemListElement\":[{\"@type\":\"ListItem\",\"position\":1,\"name\":\"Home\",\"item\":\"https:\/\/novitatessile.com\/fr\/\"},{\"@type\":\"ListItem\",\"position\":2,\"name\":\"Qui nous sommes\"}]}]}<\/script>\n<!-- \/ Yoast SEO plugin. -->","yoast_head_json":{"title":"Tessuti pronto magazzino - Stock Tessuti - Stampa tessuti- Novit\u00e0 Tessile","description":"Novit\u00e0 Tessile - Vasta gamma di tessuti pronto magazzino, stock service sia a metro che a KG e stampa tessuti. Fornitura campionature.","robots":{"index":"index","follow":"follow","max-snippet":"max-snippet:-1","max-image-preview":"max-image-preview:large","max-video-preview":"max-video-preview:-1"},"canonical":"https:\/\/novitatessile.com\/fr\/qui-sommes-nous\/","og_locale":"fr_FR","og_type":"article","og_title":"Tessuti pronto magazzino - Stock Tessuti - Stampa tessuti- Novit\u00e0 Tessile","og_description":"Novit\u00e0 Tessile - Vasta gamma di tessuti pronto magazzino, stock service sia a metro che a KG e stampa tessuti. Fornitura campionature.","og_url":"https:\/\/novitatessile.com\/fr\/qui-sommes-nous\/","og_site_name":"Novit\u00e0 Tessile","article_modified_time":"2022-05-27T16:36:58+00:00","twitter_card":"summary_large_image","twitter_misc":{"Dur\u00e9e de lecture estim\u00e9e":"1 minute"},"schema":{"@context":"https:\/\/schema.org","@graph":[{"@type":"Organization","@id":"https:\/\/novitatessile.com\/#organization","name":"Novit\u00e0 Tessile","url":"https:\/\/novitatessile.com\/","sameAs":[],"logo":{"@type":"ImageObject","inLanguage":"fr-FR","@id":"https:\/\/novitatessile.com\/#\/schema\/logo\/image\/","url":"https:\/\/novitatessile.com\/wp-content\/uploads\/2022\/05\/Logo-Novita\u0300Tessile.png","contentUrl":"https:\/\/novitatessile.com\/wp-content\/uploads\/2022\/05\/Logo-Novita\u0300Tessile.png","width":600,"height":155,"caption":"Novit\u00e0 Tessile"},"image":{"@id":"https:\/\/novitatessile.com\/#\/schema\/logo\/image\/"}},{"@type":"WebSite","@id":"https:\/\/novitatessile.com\/#website","url":"https:\/\/novitatessile.com\/","name":"Novit\u00e0 Tessile","description":"","publisher":{"@id":"https:\/\/novitatessile.com\/#organization"},"potentialAction":[{"@type":"SearchAction","target":{"@type":"EntryPoint","urlTemplate":"https:\/\/novitatessile.com\/?s={search_term_string}"},"query-input":"required name=search_term_string"}],"inLanguage":"fr-FR"},{"@type":"WebPage","@id":"https:\/\/novitatessile.com\/fr\/qui-sommes-nous\/#webpage","url":"https:\/\/novitatessile.com\/fr\/qui-sommes-nous\/","name":"Tessuti pronto magazzino - Stock Tessuti - Stampa tessuti- Novit\u00e0 Tessile","isPartOf":{"@id":"https:\/\/novitatessile.com\/#website"},"datePublished":"2022-05-18T14:20:10+00:00","dateModified":"2022-05-27T16:36:58+00:00","description":"Novit\u00e0 Tessile - Vasta gamma di tessuti pronto magazzino, stock service sia a metro che a KG e stampa tessuti. Fornitura campionature.","breadcrumb":{"@id":"https:\/\/novitatessile.com\/fr\/qui-sommes-nous\/#breadcrumb"},"inLanguage":"fr-FR","potentialAction":[{"@type":"ReadAction","target":["https:\/\/novitatessile.com\/fr\/qui-sommes-nous\/"]}]},{"@type":"BreadcrumbList","@id":"https:\/\/novitatessile.com\/fr\/qui-sommes-nous\/#breadcrumb","itemListElement":[{"@type":"ListItem","position":1,"name":"Home","item":"https:\/\/novitatessile.com\/fr\/"},{"@type":"ListItem","position":2,"name":"Qui nous sommes"}]}]}},"_links":{"self":[{"href":"https:\/\/novitatessile.com\/fr\/wp-json\/wp\/v2\/pages\/3653","targetHints":{"allow":["GET"]}}],"collection":[{"href":"https:\/\/novitatessile.com\/fr\/wp-json\/wp\/v2\/pages"}],"about":[{"href":"https:\/\/novitatessile.com\/fr\/wp-json\/wp\/v2\/types\/page"}],"author":[{"embeddable":true,"href":"https:\/\/novitatessile.com\/fr\/wp-json\/wp\/v2\/users\/1"}],"replies":[{"embeddable":true,"href":"https:\/\/novitatessile.com\/fr\/wp-json\/wp\/v2\/comments?post=3653"}],"version-history":[{"count":15,"href":"https:\/\/novitatessile.com\/fr\/wp-json\/wp\/v2\/pages\/3653\/revisions"}],"predecessor-version":[{"id":3755,"href":"https:\/\/novitatessile.com\/fr\/wp-json\/wp\/v2\/pages\/3653\/revisions\/3755"}],"wp:attachment":[{"href":"https:\/\/novitatessile.com\/fr\/wp-json\/wp\/v2\/media?parent=3653"}],"curies":[{"name":"wp","href":"https:\/\/api.w.org\/{rel}","templated":true}]}}